{"id":81,"date":"2025-01-10T01:13:52","date_gmt":"2025-01-10T01:13:52","guid":{"rendered":"https:\/\/asiserver.com\/blog\/?page_id=81"},"modified":"2026-01-09T22:22:04","modified_gmt":"2026-01-09T22:22:04","slug":"inicio","status":"publish","type":"page","link":"https:\/\/asiserver.com\/docs\/","title":{"rendered":"Inicio"},"content":{"rendered":"\t\t<div data-elementor-type=\"wp-page\" data-elementor-id=\"81\" class=\"elementor elementor-81\">\n\t\t\t\t<div class=\"elementor-element elementor-element-2770aca e-flex e-con-boxed sticky-no is-skin bg-el bg-inherit bg-light nochange-no bg-no bg-no box-no e-con e-parent\" data-id=\"2770aca\" data-element_type=\"container\" data-settings=\"{&quot;background_background&quot;:&quot;classic&quot;}\">\n\t\t\t\t\t<div class=\"e-con-inner\">\n\t\t\t\t<div class=\"elementor-element elementor-element-d0e8e99 elementor-widget elementor-widget-e-heading\" data-id=\"d0e8e99\" data-element_type=\"widget\" data-widget_type=\"e-heading.default\">\n\t\t\t\t<div class=\"elementor-widget-container\">\n\t\t\t\t\t\t\t\t<div class=\"widget-heading\">\n\t\t\t\t<h2 class=\"title head4\">Blog Asiserver.com<\/h2>\n\t\t\t\t\t\t\t<\/div>\n\t\t\t\t\t\t\t<\/div>\n\t\t\t\t<\/div>\n\t\t\t\t\t<\/div>\n\t\t\t\t<\/div>\n\t\t<div class=\"elementor-element elementor-element-227e30b e-flex e-con-boxed sticky-no is-skin bg-el bg-inherit bg-light nochange-no bg-no bg-no box-no e-con e-parent\" data-id=\"227e30b\" data-element_type=\"container\">\n\t\t\t\t\t<div class=\"e-con-inner\">\n\t\t\t\t<div class=\"elementor-element elementor-element-5748e44 elementor-widget elementor-widget-e-heading\" data-id=\"5748e44\" data-element_type=\"widget\" data-widget_type=\"e-heading.default\">\n\t\t\t\t<div class=\"elementor-widget-container\">\n\t\t\t\t\t\t\t\t<div class=\"widget-heading\">\n\t\t\t\t<h2 class=\"title head4\">\u00faltimas Entradas<\/h2>\n\t\t\t\t\t\t\t<\/div>\n\t\t\t\t\t\t\t<\/div>\n\t\t\t\t<\/div>\n\t\t\t\t<div class=\"elementor-element elementor-element-b8bf733 elementor-widget elementor-widget-p-postsblog\" data-id=\"b8bf733\" data-element_type=\"widget\" data-widget_type=\"p-postsblog.default\">\n\t\t\t\t<div class=\"elementor-widget-container\">\n\t\t\t\t\t\t\t<div id=\"th90-block_1\" class=\"th90-block posts-columns box-wrap box-disable\" data-current=\"1\">\n\t\t\t\t\t<div class=\"posts-container\">\n\t\t\t<div class=\"posts-list post-list-columns\"><div class=\"post-item cat-25\">\n\n    <article class=\"post-layout medium1 post-medium format-standard\">\n\t\t\t\t<div class=\"post-desc text-left\">\n\n\t\t\t<div class=\"post-desc-inner\">\n\n\t\t\t\t<div class=\"entry-header\">\n\t\t\t\t\t\n\t\t\t\t\t<h3 class=\"entry-title head4\">\n\t\t\t\t\t\t<a class=\"title-text\" href=\"https:\/\/asiserver.com\/docs\/crear-un-dj-en-sonicpanel\/\">Crear un DJ en SonicPanel<\/a>\n\t\t\t\t\t<\/h3>\n\n\t\t\t\t\t\t\t\t\t<\/div>\n\n\t\t\t\t                    <div class=\"entry-excerpt\">\n                        Un DJ es un usuario con ciertos permisos administrativos y de transmisi\u00f3n dentro de tu servicio de Radio Online. El proceso para crear un DJ es simple: Inicia sesi\u00f3n en                    <\/div>\n                    <div class=\"entry-meta no-icons\"><div class=\"meta-item meta-date\"><a class=\"meta-color\" href=\"https:\/\/asiserver.com\/docs\/crear-un-dj-en-sonicpanel\/\"><span class=\"info-text\">enero 9, 2026<\/span><\/a><\/div><\/div>\t\t\t<\/div>\n\t\t<\/div>\n\t<\/article>\n<\/div>\n<div class=\"post-item cat-25\">\n\n    <article class=\"post-layout medium1 post-medium format-standard\">\n\t\t\t\t<div class=\"post-desc text-left\">\n\n\t\t\t<div class=\"post-desc-inner\">\n\n\t\t\t\t<div class=\"entry-header\">\n\t\t\t\t\t\n\t\t\t\t\t<h3 class=\"entry-title head4\">\n\t\t\t\t\t\t<a class=\"title-text\" href=\"https:\/\/asiserver.com\/docs\/como-configurar-la-clave-api-de-google\/\">\u00bfC\u00f3mo configurar la clave API de Google?<\/a>\n\t\t\t\t\t<\/h3>\n\n\t\t\t\t\t\t\t\t\t<\/div>\n\n\t\t\t\t                    <div class=\"entry-excerpt\">\n                        Puedes activar el Mapa de Oyentes con geolocalizaci\u00f3n lo que te permitir\u00e1 saber desde qu\u00e9 ciudades te est\u00e1n escuchando. Para activar esta funci\u00f3n necesitas configurar tu emisora haciendo uso del                    <\/div>\n                    <div class=\"entry-meta no-icons\"><div class=\"meta-item meta-date\"><a class=\"meta-color\" href=\"https:\/\/asiserver.com\/docs\/como-configurar-la-clave-api-de-google\/\"><span class=\"info-text\">enero 9, 2026<\/span><\/a><\/div><\/div>\t\t\t<\/div>\n\t\t<\/div>\n\t<\/article>\n<\/div>\n<div class=\"post-item cat-25\">\n\n    <article class=\"post-layout medium1 post-medium format-standard\">\n\t\t\t\t<div class=\"post-desc text-left\">\n\n\t\t\t<div class=\"post-desc-inner\">\n\n\t\t\t\t<div class=\"entry-header\">\n\t\t\t\t\t\n\t\t\t\t\t<h3 class=\"entry-title head4\">\n\t\t\t\t\t\t<a class=\"title-text\" href=\"https:\/\/asiserver.com\/docs\/modalidades-de-transmision-de-audio-en-sonicpanel\/\">Modalidades de Transmisi\u00f3n de Audio en SonicPanel<\/a>\n\t\t\t\t\t<\/h3>\n\n\t\t\t\t\t\t\t\t\t<\/div>\n\n\t\t\t\t                    <div class=\"entry-excerpt\">\n                        Tu servicio de Streaming de Audio potenciado por SonicPanel te permite tres modos de transmisi\u00f3n. En vivo Es decir la transmisi\u00f3n se hace en vivo. En este modo el audio                    <\/div>\n                    <div class=\"entry-meta no-icons\"><div class=\"meta-item meta-date\"><a class=\"meta-color\" href=\"https:\/\/asiserver.com\/docs\/modalidades-de-transmision-de-audio-en-sonicpanel\/\"><span class=\"info-text\">enero 9, 2026<\/span><\/a><\/div><\/div>\t\t\t<\/div>\n\t\t<\/div>\n\t<\/article>\n<\/div>\n<div class=\"post-item cat-25\">\n\n    <article class=\"post-layout medium1 post-medium format-standard\">\n\t\t\t\t<div class=\"post-desc text-left\">\n\n\t\t\t<div class=\"post-desc-inner\">\n\n\t\t\t\t<div class=\"entry-header\">\n\t\t\t\t\t\n\t\t\t\t\t<h3 class=\"entry-title head4\">\n\t\t\t\t\t\t<a class=\"title-text\" href=\"https:\/\/asiserver.com\/docs\/como-configurar-jingles-en-sonicpanel\/\">Como configurar Jingles en SonicPanel<\/a>\n\t\t\t\t\t<\/h3>\n\n\t\t\t\t\t\t\t\t\t<\/div>\n\n\t\t\t\t                    <div class=\"entry-excerpt\">\n                        En esta gu\u00eda te ense\u00f1aremos como configurar Jingles en SonicPanel Importante Ten en cuenta que Crossfade (AutoMix) est\u00e1 deshabilitado solo en jingles, si configuras para reproducir un jingle entre cada                    <\/div>\n                    <div class=\"entry-meta no-icons\"><div class=\"meta-item meta-date\"><a class=\"meta-color\" href=\"https:\/\/asiserver.com\/docs\/como-configurar-jingles-en-sonicpanel\/\"><span class=\"info-text\">enero 9, 2026<\/span><\/a><\/div><\/div>\t\t\t<\/div>\n\t\t<\/div>\n\t<\/article>\n<\/div>\n<div class=\"post-item cat-25\">\n\n    <article class=\"post-layout medium1 post-medium format-standard\">\n\t\t\t\t<div class=\"post-desc text-left\">\n\n\t\t\t<div class=\"post-desc-inner\">\n\n\t\t\t\t<div class=\"entry-header\">\n\t\t\t\t\t\n\t\t\t\t\t<h3 class=\"entry-title head4\">\n\t\t\t\t\t\t<a class=\"title-text\" href=\"https:\/\/asiserver.com\/docs\/como-programar-una-lista-de-reproduccion-en-sonicpanel\/\">Como programar una lista de reproducci\u00f3n en SonicPanel<\/a>\n\t\t\t\t\t<\/h3>\n\n\t\t\t\t\t\t\t\t\t<\/div>\n\n\t\t\t\t                    <div class=\"entry-excerpt\">\n                        Pasos para programar una lista de reproducci\u00f3n en SonicPanel Una vez dentro de tu SonicPanel, dir\u00edgete al men\u00fa izquierdo y despl\u00e1zate a la parte inferior en la secci\u00f3n\u00a0Administrar listas de                    <\/div>\n                    <div class=\"entry-meta no-icons\"><div class=\"meta-item meta-date\"><a class=\"meta-color\" href=\"https:\/\/asiserver.com\/docs\/como-programar-una-lista-de-reproduccion-en-sonicpanel\/\"><span class=\"info-text\">enero 9, 2026<\/span><\/a><\/div><\/div>\t\t\t<\/div>\n\t\t<\/div>\n\t<\/article>\n<\/div>\n<div class=\"post-item cat-25\">\n\n    <article class=\"post-layout medium1 post-medium format-standard\">\n\t\t\t\t<div class=\"post-desc text-left\">\n\n\t\t\t<div class=\"post-desc-inner\">\n\n\t\t\t\t<div class=\"entry-header\">\n\t\t\t\t\t\n\t\t\t\t\t<h3 class=\"entry-title head4\">\n\t\t\t\t\t\t<a class=\"title-text\" href=\"https:\/\/asiserver.com\/docs\/como-crear-una-lista-de-reproduccion\/\">Como crear una lista de reproducci\u00f3n<\/a>\n\t\t\t\t\t<\/h3>\n\n\t\t\t\t\t\t\t\t\t<\/div>\n\n\t\t\t\t                    <div class=\"entry-excerpt\">\n                        Pasos para crear una lista de reproducci\u00f3n Una vez que te encuentres en tu SonicPanel, dir\u00edgete al men\u00fa en la parte izquierda sobre las opciones de\u00a0Administrar listas de reproducci\u00f3n. Una                    <\/div>\n                    <div class=\"entry-meta no-icons\"><div class=\"meta-item meta-date\"><a class=\"meta-color\" href=\"https:\/\/asiserver.com\/docs\/como-crear-una-lista-de-reproduccion\/\"><span class=\"info-text\">enero 9, 2026<\/span><\/a><\/div><\/div>\t\t\t<\/div>\n\t\t<\/div>\n\t<\/article>\n<\/div>\n<\/div>\t\t<\/div>\n\t\t\t\t<\/div>\n\t\t\t\t\t\t<\/div>\n\t\t\t\t<\/div>\n\t\t\t\t\t<\/div>\n\t\t\t\t<\/div>\n\t\t\t\t<\/div>\n\t\t","protected":false},"excerpt":{"rendered":"<p>Blog Asiserver.com \u00faltimas Entradas Como configurar Jingles en SonicPanel En esta gu\u00eda te ense\u00f1aremos como configurar Jingles en SonicPanel Importante Ten en cuenta que Crossfade (AutoMix) est\u00e1 deshabilitado solo en jingles, si configuras para reproducir un jingle entre cada enero 9, 2026 Como programar una lista de reproducci\u00f3n en SonicPanel Pasos para programar una lista de reproducci\u00f3n en SonicPanel Una vez dentro de tu SonicPanel, dir\u00edgete al men\u00fa izquierdo y despl\u00e1zate a la parte inferior en la secci\u00f3n\u00a0Administrar listas de enero 9, 2026 Como crear una lista de reproducci\u00f3n Pasos para crear una lista de reproducci\u00f3n Una vez que te encuentres en tu SonicPanel, dir\u00edgete al men\u00fa en la parte izquierda sobre las opciones de\u00a0Administrar listas de reproducci\u00f3n. Una enero 9, 2026 Subir archivos Mp3 a SonicPanel Accede a la administraci\u00f3n de SonicPanel, si no conoces como hacerlo\u00a0visita esta gu\u00eda. Una vez que ingreses a tu\u00a0SonicPanel\u00a0dir\u00edgete al men\u00fa ubicado en la parte izquierda y despl\u00e1zate a la enero 9, 2026 Como cambiar el idioma de una cuenta de SonicPanel En esta gu\u00eda te ense\u00f1aremos como cambiar el idioma a tu cuenta de SonicPanel, antes de continuar necesitaras acceder a tu panel, si no recuerdas como hacerlo visita esta gu\u00eda enero &hellip;<\/p>\n","protected":false},"author":1,"featured_media":0,"parent":0,"menu_order":0,"comment_status":"closed","ping_status":"closed","template":"elementor_header_footer","meta":{"_acf_changed":false,"footnotes":""},"class_list":["post-81","page","type-page","status-publish","hentry"],"acf":{"site_skin":"","disable_templates":[],"header_template":false,"topheader_template":false,"mob_header_template":false,"sticky_template":false,"footer_template":false},"_links":{"self":[{"href":"https:\/\/asiserver.com\/docs\/wp-json\/wp\/v2\/pages\/81","targetHints":{"allow":["GET"]}}],"collection":[{"href":"https:\/\/asiserver.com\/docs\/wp-json\/wp\/v2\/pages"}],"about":[{"href":"https:\/\/asiserver.com\/docs\/wp-json\/wp\/v2\/types\/page"}],"author":[{"embeddable":true,"href":"https:\/\/asiserver.com\/docs\/wp-json\/wp\/v2\/users\/1"}],"replies":[{"embeddable":true,"href":"https:\/\/asiserver.com\/docs\/wp-json\/wp\/v2\/comments?post=81"}],"version-history":[{"count":44,"href":"https:\/\/asiserver.com\/docs\/wp-json\/wp\/v2\/pages\/81\/revisions"}],"predecessor-version":[{"id":279,"href":"https:\/\/asiserver.com\/docs\/wp-json\/wp\/v2\/pages\/81\/revisions\/279"}],"wp:attachment":[{"href":"https:\/\/asiserver.com\/docs\/wp-json\/wp\/v2\/media?parent=81"}],"curies":[{"name":"wp","href":"https:\/\/api.w.org\/{rel}","templated":true}]}}